{"id":119,"date":"2022-01-13T10:58:46","date_gmt":"2022-01-13T09:58:46","guid":{"rendered":"http:\/\/www.combat-complet.fr\/?page_id=119"},"modified":"2023-02-06T19:58:06","modified_gmt":"2023-02-06T18:58:06","slug":"historique","status":"publish","type":"page","link":"https:\/\/www.combat-complet.fr\/?page_id=119","title":{"rendered":"Historique"},"content":{"rendered":"\n<p><strong>En 1992 la FINCA est cr\u00e9\u00e9<\/strong> (F\u00e9d\u00e9ration Internationale de Nunchaku, combat complet et Arts martiaux modernes et affinitaires).<\/p>\n\n\n\n<p>La F.I.N.C.A vous propose chaque ann\u00e9e :<\/p>\n\n\n\n<ul class=\"wp-block-list\">\n<li>Des championnats et des tournois individuels ou par \u00e9quipe, r\u00e9gionaux, nationaux et internationaux en Nunchaku de combat et artistique, en Combat Complet (combat \u00e0 mains nues o\u00f9 l&rsquo;on peut faire des projections, donner des coups de pieds ou de poings et travailler au sol), en Combat Complet corps \u00e0 corps (pas de coups), en combat boxing, en Techniques d&rsquo;Armes Martiales ou en Technique Auto D\u00e9fense.<\/li>\n\n\n\n<li>Des stages et des passages de grades.<\/li>\n\n\n\n<li>Des dipl\u00f4mes d&rsquo;arbitrage et d&rsquo;entra\u00eeneur.<\/li>\n<\/ul>\n\n\n\n<p><\/p>\n\n\n\n<p><\/p>\n\n\n\n<p><\/p>\n\n\n\n<p><\/p>\n\n\n\n<p><\/p>\n\n\n\n<p><\/p>\n\n\n\n<p class=\"has-text-align-center\" style=\"font-size:10px\">Disciplines FINCA  :  combat complet, combat jiu jitsu, combat boxing, nunchaku, nunchaku de combat, nunchaku artistique<\/p>\n","protected":false},"excerpt":{"rendered":"<p>En 1992 la FINCA est cr\u00e9\u00e9 (F\u00e9d\u00e9ration Internationale de Nunchaku, combat complet et Arts martiaux modernes et affinitaires). La F.I.N.C.A vous propose chaque ann\u00e9e : Disciplines FINCA : combat complet, combat jiu jitsu, combat boxing, nunchaku, nunchaku de combat, nunchaku artistique<\/p>\n","protected":false},"author":2,"featured_media":0,"parent":0,"menu_order":0,"comment_status":"closed","ping_status":"closed","template":"","meta":{"footnotes":""},"class_list":["post-119","page","type-page","status-publish","hentry","entry"],"_links":{"self":[{"href":"https:\/\/www.combat-complet.fr\/index.php?rest_route=\/wp\/v2\/pages\/119","targetHints":{"allow":["GET"]}}],"collection":[{"href":"https:\/\/www.combat-complet.fr\/index.php?rest_route=\/wp\/v2\/pages"}],"about":[{"href":"https:\/\/www.combat-complet.fr\/index.php?rest_route=\/wp\/v2\/types\/page"}],"author":[{"embeddable":true,"href":"https:\/\/www.combat-complet.fr\/index.php?rest_route=\/wp\/v2\/users\/2"}],"replies":[{"embeddable":true,"href":"https:\/\/www.combat-complet.fr\/index.php?rest_route=%2Fwp%2Fv2%2Fcomments&post=119"}],"version-history":[{"count":4,"href":"https:\/\/www.combat-complet.fr\/index.php?rest_route=\/wp\/v2\/pages\/119\/revisions"}],"predecessor-version":[{"id":761,"href":"https:\/\/www.combat-complet.fr\/index.php?rest_route=\/wp\/v2\/pages\/119\/revisions\/761"}],"wp:attachment":[{"href":"https:\/\/www.combat-complet.fr\/index.php?rest_route=%2Fwp%2Fv2%2Fmedia&parent=119"}],"curies":[{"name":"wp","href":"https:\/\/api.w.org\/{rel}","templated":true}]}}