{"id":125,"date":"2022-01-13T10:59:41","date_gmt":"2022-01-13T09:59:41","guid":{"rendered":"http:\/\/www.combat-complet.fr\/?page_id=125"},"modified":"2023-05-11T10:46:36","modified_gmt":"2023-05-11T08:46:36","slug":"resultats-competitions","status":"publish","type":"page","link":"https:\/\/www.combat-complet.fr\/?page_id=125","title":{"rendered":"R\u00e9sultats comp\u00e9titions"},"content":{"rendered":"\n<p><\/p>\n\n\n\n<ul class=\"wp-block-list\">\n<li><strong>R\u00e9sultat Coupe du Grand Est de COMBAT MMA Light<\/strong><\/li>\n\n\n\n<li> <strong>du\u00a0 08 mai 2023 \u00e0 Rosenau<\/strong><\/li>\n<\/ul>\n\n\n\n<p><strong>Juniors&nbsp; -70kg<\/strong><\/p>\n\n\n\n<p>1<sup>er<\/sup> Duparchy Mathis (Schmitz Team Kingersheim)<\/p>\n\n\n\n<p>2<sup>\u00e8me<\/sup> Wardan Dagutan(Wery Fighting Rosenau)<\/p>\n\n\n\n<p><strong>Juniors -84kg<\/strong><\/p>\n\n\n\n<p>1<sup>er<\/sup> Aydin Ozkan (Wery Fighting Rosenau)<\/p>\n\n\n\n<p>2<sup>\u00e8me<\/sup> Killian Grare (Wery Fighting Rosenau)<\/p>\n\n\n\n<p>3<sup>\u00e8me<\/sup> Erwan Duhamel (Wery Fighting Rosenau)<\/p>\n\n\n\n<p><strong>Seniors&nbsp; -60kg<\/strong><\/p>\n\n\n\n<p>1<sup>er<\/sup> Nathan Wherlen (Wery Fighting Rosenau)<\/p>\n\n\n\n<p>2<sup>\u00e8me<\/sup> Eli Mungnaga (Schmitz Team Kingersheim)<\/p>\n\n\n\n<p><strong>Seniors&nbsp; -64kg<\/strong><\/p>\n\n\n\n<p>1<sup>er<\/sup> Nouicer Badiss (Wery Fighting Rosenau)<\/p>\n\n\n\n<p>2<sup>\u00e8me<\/sup> Djavezo Berger (Wery Fighting Rosenau)<\/p>\n\n\n\n<p><strong>Seniors&nbsp; -70kg<\/strong><\/p>\n\n\n\n<p>1<sup>er<\/sup> Benjamin Dick (Dojo Form Guebwiller)<\/p>\n\n\n\n<p>2<sup>\u00e8me<\/sup> Ibrahim Benamar (Dojo Form Guebwiller)<\/p>\n\n\n\n<p>3<sup>\u00e8me<\/sup> Manolo Berger (Wery Fighting Rosenau)<\/p>\n\n\n\n<p>3<sup>\u00e8me<\/sup> Isad Kalac (Schmitz team Belfort)<\/p>\n\n\n\n<p><strong>Seniors&nbsp; -77kg<\/strong><\/p>\n\n\n\n<p>1<sup>er<\/sup> Ali Dabloni (Wery Fighting Rosenau)<\/p>\n\n\n\n<p>2<sup>\u00e8me<\/sup> Axel Kunenman (Wery Fighting Rosenau)<\/p>\n\n\n\n<p>3<sup>\u00e8me<\/sup> Imade Benamar (Dojo Form Guebwiller)<\/p>\n\n\n\n<p>3<sup>\u00e8me<\/sup> Aissa Yanis (Dojo Form Guebwiller)<\/p>\n\n\n\n<p>5<sup>\u00e8me<\/sup> Hugo Chevalier ( club Marckolsheim)<\/p>\n\n\n\n<p>5<sup>\u00e8me<\/sup> Dylan Lieber (Wery Fighting Rosenau)<\/p>\n\n\n\n<p><strong>Seniors&nbsp; -84kg classe C<\/strong><\/p>\n\n\n\n<p>1<sup>er<\/sup> Guillaume Nassan (Wery Fighting Rosenau)<\/p>\n\n\n\n<p>2<sup>\u00e8me<\/sup> Mohamed Karatekin (Wery Fighting Rosenau)<\/p>\n\n\n\n<p><strong>Seniors -84kg&nbsp; classe A<\/strong><\/p>\n\n\n\n<p>1<sup>er<\/sup> Salvatore Prahim ( club Marckolsheim)<\/p>\n\n\n\n<p>2<sup>\u00e8me<\/sup> Nathan Seiler (Wery Fighting Rosenau)<\/p>\n\n\n\n<p><strong>Seniors&nbsp; &#8211; 91kg<\/strong><\/p>\n\n\n\n<p>1<sup>er<\/sup> Karim Hardal ( club Marckolsheim)<\/p>\n\n\n\n<p><strong>Seniors&nbsp; +98kg<\/strong><\/p>\n\n\n\n<p>1<sup>er<\/sup> Dylan Grunenberger (Club Marckolsheim)<\/p>\n\n\n\n<p>2<sup>\u00e8me<\/sup> Jremy Freyburger (Wery Fighting Rosenau)<\/p>\n\n\n\n<p><strong>Seniors f\u00e9minines<\/strong><\/p>\n\n\n\n<p>1<sup>\u00e8re<\/sup> Selina Kalac &nbsp;(Schmitz Team Belfort)<\/p>\n\n\n\n<p><strong>Masters 1&nbsp; -70kg<\/strong><\/p>\n\n\n\n<p>1<sup>er<\/sup>&nbsp; St\u00e9phane Wunenberger (Wery Fighting Rosenau)<\/p>\n\n\n\n<p>2<sup>\u00e8me<\/sup> Manolo Berger (Wery Fighting Rosenau)<\/p>\n\n\n\n<p><strong>Masters 2&nbsp; -77kg<\/strong><\/p>\n\n\n\n<p>1<sup>er<\/sup> Cedric Simon (Club Marckolsheim)<\/p>\n\n\n\n<p>2<sup>\u00e8me<\/sup> Dylan Lieber (Wery Fighting Rosenau)<\/p>\n\n\n\n<p><strong>Masters&nbsp; 2 &nbsp;-94kg<\/strong><\/p>\n\n\n\n<p>1<sup>er<\/sup> Guillaume &nbsp;Nassan (Wery Fighting Rosenau)<\/p>\n\n\n\n<p>2<sup>\u00e8me<\/sup> Olivier Fauchart ( Club Marckolsheim)<\/p>\n\n\n\n<ul class=\"wp-block-list\">\n<li><strong>R\u00e9sultat Coupe du Haut Rhin de COMBAT COMPLET<\/strong><\/li>\n\n\n\n<li><strong>du\u00a0 08 mai 2023 \u00e0 Rosenau<\/strong><\/li>\n<\/ul>\n\n\n\n<p><strong>Pupilles&nbsp; -22kg<\/strong><\/p>\n\n\n\n<p>1<sup>er<\/sup> Melwin Burrier&nbsp; (Wery Fighting Rosenau)<\/p>\n\n\n\n<p>2<sup>\u00e8me<\/sup>&nbsp; Aaron Goetz (Wery Fighting Rosenau)<\/p>\n\n\n\n<p>3<sup>\u00e8me<\/sup> Matteo Eberli (Wery Fighting Rosenau)<\/p>\n\n\n\n<p>3<sup>\u00e8me<\/sup> Axel Ritzer (Wery Fighting Rosenau)<\/p>\n\n\n\n<p><strong>Pupilles&nbsp; -27kg<\/strong><\/p>\n\n\n\n<p>1<sup>er <\/sup>Florian Stier (Schmitz team Kingersheim)<\/p>\n\n\n\n<p>2<sup>\u00e8me<\/sup> Zakariya Kasri (Schmitz team Kingersheim)<\/p>\n\n\n\n<p>3<sup>\u00e8me<\/sup> &nbsp;Alessandro Alfano (Wery Fighting Rosenau)<\/p>\n\n\n\n<p><strong>Pupilles&nbsp; -32kg<\/strong><\/p>\n\n\n\n<p>&nbsp;1<sup>er<\/sup>&nbsp; Anas Zanouti (Schmitz team Kingersheim)<\/p>\n\n\n\n<p>2<sup>\u00e8me<\/sup>&nbsp; Paul Schuller (Wery Fighting Rosenau)<\/p>\n\n\n\n<p>3<sup>\u00e8me<\/sup>&nbsp; Tianne Boulay (Wery Fighting Rosenau)<\/p>\n\n\n\n<p>3<sup>\u00e8me<\/sup>&nbsp; Anda Laborde (Wery Fighting Rosenau)<\/p>\n\n\n\n<p><strong>Pupilles&nbsp; +32kg<\/strong><\/p>\n\n\n\n<p>1<sup>er<\/sup> Ait Lahcen Maher (Schmitz team Kingersheim)<\/p>\n\n\n\n<p>2<sup>\u00e8me<\/sup> Nahil Lecheheb (Wery Fighting Rosenau)<\/p>\n\n\n\n<p>3<sup>\u00e8me<\/sup> Hamza Nacer (Schmitz team Kingersheim)<\/p>\n\n\n\n<p>3<sup>\u00e8me<\/sup> Yanis Nessaibia (Schmitz team Kingersheim)<\/p>\n\n\n\n<p><strong>Pupilles Filles -27kg<\/strong><\/p>\n\n\n\n<p>1\u00e8re Molly Brunnert (Wery Fighting Rosenau)<\/p>\n\n\n\n<p>2<sup>\u00e8me<\/sup> Ilyana Mahmou ( Dojo Form Guebwiller)<\/p>\n\n\n\n<p>3<sup>\u00e8me<\/sup>&nbsp; Aurora Martin ( Dojo Form Guebwiller)<\/p>\n\n\n\n<p><strong>Pupilles Filles&nbsp; -32kg<\/strong><\/p>\n\n\n\n<p>1<sup>\u00e8re<\/sup> Sabrina Sow (Schmitz team Kingersheim)<\/p>\n\n\n\n<p>2<sup>\u00e8me<\/sup> Lissia Saresky (Wery Fighting Rosenau)<\/p>\n\n\n\n<p><strong>Benjamins &nbsp;-30kg<\/strong><\/p>\n\n\n\n<p>1<sup>er<\/sup> Th\u00e9odore Bronnert (Wery Fighting Rosenau)<\/p>\n\n\n\n<p>2<sup>\u00e8me<\/sup> Flavien Perret (Wery Fighting Rosenau)<\/p>\n\n\n\n<p>3<sup>\u00e8me<\/sup>&nbsp; Gabriel Forio (Wery Fighting Rosenau)<\/p>\n\n\n\n<p><strong>Benjamins&nbsp; -37kg<\/strong><\/p>\n\n\n\n<p>1<sup>er<\/sup>&nbsp; Marulli Qays (Schmitz team Kingersheim)<\/p>\n\n\n\n<p>2<sup>\u00e8me<\/sup>&nbsp; Tritsch Giulio (Schmitz team Kingersheim)<\/p>\n\n\n\n<p>3<sup>\u00e8me<\/sup> Martin Anthony (Wery Fighting Rosenau)<\/p>\n\n\n\n<p>3<sup>\u00e8me<\/sup> Benali Elouane (Wery Fighting Rosenau)<\/p>\n\n\n\n<p><strong>Benjamins &nbsp;-43kg<\/strong><\/p>\n\n\n\n<p>1<sup>er<\/sup>&nbsp; Aissa Mahmou ( Dojo Form Guebwiller)<\/p>\n\n\n\n<p>2<sup>\u00e8me<\/sup> Toukabri Ylies (Wery Fighting Rosenau)<\/p>\n\n\n\n<p><strong>Benjamins &nbsp;-49kg<\/strong><\/p>\n\n\n\n<p>1<sup>er<\/sup>&nbsp; Macalou Chanseddine (Schmitz team Kingersheim)<\/p>\n\n\n\n<p>2<sup>\u00e8me<\/sup> Rayan Glayed (Wery Fighting Rosenau)<\/p>\n\n\n\n<p><strong>Benjamins&nbsp; +49kg<\/strong><\/p>\n\n\n\n<p>1<sup>er<\/sup>&nbsp; Younes Rais (Schmitz team Kingersheim)<\/p>\n\n\n\n<p>2<sup>\u00e8me<\/sup> Ayad Dogna (Wery Fighting Rosenau)<\/p>\n\n\n\n<p><strong>Benjamins &nbsp;Filles &nbsp;-37kg<\/strong><\/p>\n\n\n\n<p>1<sup>er<\/sup>&nbsp; Alicia Alfano (Wery Fighting Rosenau)<\/p>\n\n\n\n<p>2<sup>\u00e8me<\/sup> Lorena Candezo (Wery Fighting Rosenau)<\/p>\n\n\n\n<p><strong>Minimes -40kg<\/strong><\/p>\n\n\n\n<p>1<sup>er<\/sup>&nbsp; Yannis &nbsp;El Warrad (Schmitz team Kingersheim)<\/p>\n\n\n\n<p>2<sup>\u00e8me<\/sup> Nathan Loll (Schmitz team Kingersheim)<\/p>\n\n\n\n<p><strong>Minimes&nbsp; -48kg<\/strong><\/p>\n\n\n\n<p>1<sup>er<\/sup> Leone &nbsp;El Warrad Kamyl (Schmitz team Kingersheim)<\/p>\n\n\n\n<p>2<sup>\u00e8me<\/sup> Jonah Husser ( Dojo Form Guebwiller)<\/p>\n\n\n\n<p><strong>Minimes&nbsp; +55kg<\/strong><\/p>\n\n\n\n<p>1<sup>er<\/sup> Jibril Bouhadjera (Schmitz team Kingersheim)<\/p>\n\n\n\n<p>2<sup>\u00e8me<\/sup>&nbsp; Leone &nbsp;Kreutz (Wery Fighting Rosenau)<\/p>\n\n\n\n<p>3<sup>\u00e8me<\/sup> Hugo&nbsp; Munch (Wery Fighting Rosenau)<\/p>\n\n\n\n<p><strong>Minimes&nbsp; Filles&nbsp;&nbsp; -55kg<\/strong><\/p>\n\n\n\n<p>&nbsp;1<sup>\u00e8re<\/sup>&nbsp; Tia &nbsp;Wunenberger (Wery Fighting Rosenau)<\/p>\n\n\n\n<p><strong>Minimes&nbsp; Filles&nbsp;&nbsp; +55kg<\/strong><\/p>\n\n\n\n<p>&nbsp;1<sup>\u00e8re<\/sup>&nbsp; Schmidt Jeanne (Wery Fighting Rosenau)<\/p>\n\n\n\n<p><strong>Cadet -70kg&nbsp;<\/strong><\/p>\n\n\n\n<p>1<sup>er<\/sup>&nbsp; Lilian &nbsp;Pinget Lilian (Wery Fighting Rosenau)<\/p>\n\n\n\n<p>2<sup>\u00e8me<\/sup> Pablo &nbsp;Azlemanlo (Wery Fighting Rosenau)<\/p>\n\n\n\n<p><strong>Cadets&nbsp; +77kg<\/strong><\/p>\n\n\n\n<p>1<sup>\u00e8r<\/sup> Lieb Elias (Wery Fighting Rosenau)<\/p>\n\n\n\n<p><strong>Cadettes&nbsp; -55kg<\/strong><\/p>\n\n\n\n<p>&nbsp;1\u00e8re&nbsp; Sandra Martin &nbsp;( Dojo Form Guebwiller)<\/p>\n\n\n\n<p>2<sup>\u00e8me<\/sup>&nbsp; Nel Wunenberger (Wery Fighting Rosenau)<\/p>\n\n\n\n<p><\/p>\n\n\n\n<ul class=\"wp-block-list\">\n<li><strong>R\u00e9sultats Tournoi International Jiu Jitsu Br\u00e9silien \u2013 Grappling<\/strong> \/ <strong>Rencontre Franco- Allemand<\/strong>e<\/li>\n<\/ul>\n\n\n\n<ul class=\"wp-block-list\">\n<li> d<strong>u\u00a0 22 janvier 2023 \u00e0 Guebwiller<\/strong><\/li>\n<\/ul>\n\n\n\n<p><strong><em>Jiu Jitsu Br\u00e9silien<\/em><\/strong><\/p>\n\n\n\n<p><strong>Seniors&nbsp; -64kg&nbsp;<\/strong><\/p>\n\n\n\n<p>&nbsp;1<sup>er<\/sup>&nbsp; Miguel Rocha (SFT Kingersheim&nbsp; &#8211; France)<\/p>\n\n\n\n<p>2<sup>\u00e8me<\/sup> Ga\u00ebtan Molle&nbsp; ( Dojo form Guebwiller &#8211; France)<\/p>\n\n\n\n<p><strong>Seniors&nbsp; -70kg<\/strong><\/p>\n\n\n\n<p>1<sup>er<\/sup> Ibrahim Benamar ( Dojo form Guebwiller &#8211; France)<\/p>\n\n\n\n<p>2<sup>\u00e8me<\/sup> Marius Friedrich (Sukhothai Gym Lahr &#8211; Allemagne)<\/p>\n\n\n\n<p>3<sup>\u00e8me<\/sup>&nbsp; Wahib Benamar ( Dojo form Guebwiller &#8211; France)<\/p>\n\n\n\n<p>3<sup>\u00e8me<\/sup> Lucas Richard Khoualf (SFT Kingersheim&nbsp; &#8211; France)<\/p>\n\n\n\n<p><strong>Seniors&nbsp; -76kg&nbsp;<\/strong><\/p>\n\n\n\n<p>&nbsp;1<sup>er<\/sup>Jimmy Dean Wagner ( Jiu Jitsu club Neuried &#8211; Allemagne)<\/p>\n\n\n\n<p><strong>Seniors&nbsp; -82kg<\/strong><\/p>\n\n\n\n<p>1<sup>er<\/sup> Haytham Belkoudia ( Dojo form Guebwiller &#8211; France)<\/p>\n\n\n\n<p>2<sup>\u00e8me<\/sup>&nbsp; Manuel Arnold ( Jiu Jitsu club Neuried &#8211; Allemagne)<\/p>\n\n\n\n<p>3<sup>\u00e8me<\/sup> Andrey Makovey ( Jiu Jitsu club Neuried &#8211; Allemagne)<\/p>\n\n\n\n<p><strong>F\u00e9minine seniors<\/strong><\/p>\n\n\n\n<p>&nbsp;1<sup>\u00e8re<\/sup> Sophie Stecknitz ( Jiu Jitsu club Neuried &#8211; Allemagne)<\/p>\n\n\n\n<p><strong><em>Grappling<\/em><\/strong><\/p>\n\n\n\n<p><strong>Juniors&nbsp;<\/strong><\/p>\n\n\n\n<p>1<sup>er<\/sup> Jos\u00e9 Hoffmann( Dojo form Guebwiller &#8211; France)<\/p>\n\n\n\n<p>2<sup>\u00e8me<\/sup><strong>&nbsp; <\/strong>Lucas Richard Khoualf (SFT Kingersheim&nbsp; &#8211; France)<\/p>\n\n\n\n<p>3<sup>\u00e8me<\/sup>&nbsp; Onesime Romer (SFT Belfort \u2013 France)<\/p>\n\n\n\n<p><strong>Seniors&nbsp; -64kg<\/strong><\/p>\n\n\n\n<p><strong>&nbsp;<\/strong>1<sup>er<\/sup> Gaetan Molle ( Dojo form Guebwiller &#8211; France)<\/p>\n\n\n\n<p><strong>Seniors -68kg&nbsp;<\/strong><\/p>\n\n\n\n<p>1<sup>er<\/sup> Noam Benhada ( Dojo form Guebwiller &#8211; France)<\/p>\n\n\n\n<p>2<sup>\u00e8me<\/sup> Ibrahim Benamar ( Dojo form Guebwiller &#8211; France)<\/p>\n\n\n\n<p>3<sup>\u00e8me<\/sup> Marius Friedrich (Sukhothai Gym Lahr &#8211; Allemagne)<\/p>\n\n\n\n<p>3<sup>\u00e8me<\/sup> Amine Hassani ( Dojo form Guebwiller &#8211; France)<\/p>\n\n\n\n<p><strong>Seniors&nbsp; -74kg<\/strong><\/p>\n\n\n\n<p>1<sup>er<\/sup> Julien Romer (SFT Belfort \u2013 France)<\/p>\n\n\n\n<p>2<sup>\u00e8me<\/sup>&nbsp; Yassine Zenati ( Dojo form Guebwiller &#8211; France)<\/p>\n\n\n\n<p>3<sup>\u00e8me<\/sup> Sebastien Berringer ( Dojo form Guebwiller &#8211; France)<\/p>\n\n\n\n<p>3<sup>\u00e8me<\/sup> Wahil Benamar ( Dojo form Guebwiller &#8211; France)<\/p>\n\n\n\n<p><strong>Seniors&nbsp; -80kg<\/strong><\/p>\n\n\n\n<p>1<sup>er<\/sup> Haytham Belkoudia ( Dojo form Guebwiller &#8211; France)<\/p>\n\n\n\n<p>2<sup>\u00e8me<\/sup> Anthony Muntas ( SFT Kingersheim &#8211;&nbsp; France)<\/p>\n\n\n\n<p>3<sup>\u00e8me<\/sup> Andrey Makovey (( Jiu Jitsu club Neuried &#8211; Allemagne)<\/p>\n\n\n\n<p>3<sup>\u00e8me<\/sup> Wladimir Friedriech &nbsp;(Sukhothai Gym Lahr &#8211; Allemagne)<\/p>\n\n\n\n<p><strong>Seniors&nbsp; -85kg<\/strong><\/p>\n\n\n\n<p>1<sup>er<\/sup> Thomas Ratuszniak (SFT Kingersheim \u2013 France)<\/p>\n\n\n\n<p>2<sup>\u00e8me<\/sup>&nbsp; Jimmy Dean Wagner ( Jiu Jitsu club Neuried &#8211; Allemagne)<\/p>\n\n\n\n<p><strong>Seniors&nbsp; -90kg&nbsp;<\/strong><\/p>\n\n\n\n<p>1<sup>er<\/sup>&nbsp; Jayson Mike (SFT Belfort &#8211; France)<\/p>\n\n\n\n<p>2<sup>\u00e8me<\/sup>&nbsp; R\u00e9gis Burger ( Dojo form Guebwiller &#8211; France)<\/p>\n\n\n\n<p><strong>Seniors&nbsp; -98kg<\/strong><\/p>\n\n\n\n<p>1<sup>er<\/sup> Younesse Benamar ( Dojo form Guebwiller &#8211; France)<\/p>\n\n\n\n<p><strong>Seniors&nbsp; + 98kg&nbsp;<\/strong><\/p>\n\n\n\n<p>1er Nico Beckler ( Jiu Jitsu club Neuried &#8211; Allemagne)<\/p>\n\n\n\n<p><\/p>\n\n\n\n<ul class=\"wp-block-list\">\n<li><strong>RESULTAT OPEN DE France DE COMBAT COMPLET ET BOXING \u00e0 BRON (11.12.2022)<\/strong><\/li>\n<\/ul>\n\n\n\n<p><strong><em>COMBAT COMPLET<\/em><\/strong><\/p>\n\n\n\n<p><strong>Cadets +68kg<\/strong><\/p>\n\n\n\n<p>1<sup>er<\/sup> Romer Onesime (Schmitz Fighting Team Belfort)<\/p>\n\n\n\n<p>2<sup>\u00e8me<\/sup>Harfi &nbsp;Alonc ( Nakache Brazilian acad\u00e9my)<\/p>\n\n\n\n<p><strong>Juniors&nbsp;<\/strong><\/p>\n\n\n\n<p>1<sup>er<\/sup> Zanoutti Hamza (Schmitz Fighting Team Kingersheim)<\/p>\n\n\n\n<p>2<sup>\u00e8me<\/sup> Chabod Aymeric ( Bremart Team)<\/p>\n\n\n\n<p><strong>Seniors -64kg<\/strong><\/p>\n\n\n\n<p>1<sup>er<\/sup> Benamar Ibrahim (Dojo form Guebwiller)<\/p>\n\n\n\n<p>2<sup>\u00e8me<\/sup> Auraud Evan (Club Gigean)<\/p>\n\n\n\n<p><strong>Seniors -70kg&nbsp; (classe B)<\/strong><\/p>\n\n\n\n<p>1<sup>er<\/sup> Chouikhi Marwan (Schmitz Fighting Team Kingersheim)<\/p>\n\n\n\n<p>2<sup>\u00e8me<\/sup> Danbloni Ali (Schmitz Fighting Team Belfort)<\/p>\n\n\n\n<p>3<sup>\u00e8me<\/sup> Decampos Sandro (Bremart Team)<\/p>\n\n\n\n<p>3\u00e8mes Damata Enzo ( Nakache Brazilian acad\u00e9my)<\/p>\n\n\n\n<p><strong>Seniors&nbsp; -77kg ( classe A)<\/strong><\/p>\n\n\n\n<p>1<sup>er<\/sup> Sezer Hakan ( Schmitz Fighting Team Kingersheim)<\/p>\n\n\n\n<p>2<sup>\u00e8me<\/sup> Bremart Luc (Bremart Team)<\/p>\n\n\n\n<p>3<sup>\u00e8me<\/sup> Sayah Abdelghani ( Nakache Brazilian acad\u00e9my)<\/p>\n\n\n\n<p>3<sup>\u00e8me<\/sup> Penalva Jonathan ( Nakache Brazilian acad\u00e9my)<\/p>\n\n\n\n<p><strong>Seniors&nbsp; -77kg ( classe C)<\/strong><\/p>\n\n\n\n<p>1<sup>er<\/sup> Romer Julien (Schmitz Fighting Team Belfort)<\/p>\n\n\n\n<p>2<sup>\u00e8me<\/sup> Bloch Benjamin (Dojo form Guebwiller)<\/p>\n\n\n\n<p><strong>Seniors&nbsp; -85kg<\/strong><\/p>\n\n\n\n<p>1<sup>er<\/sup> Gillot Frederic( Schmitz Fighting Team Kingersheim)<\/p>\n\n\n\n<p><strong>Masters -77kg<\/strong><\/p>\n\n\n\n<p>1<sup>er<\/sup> Rey St\u00e9phane ( Nakache Brazilian acad\u00e9my)<\/p>\n\n\n\n<p><strong><em>COMBAT BOXING<\/em><\/strong><\/p>\n\n\n\n<p><strong>Seniors -77kg<\/strong><\/p>\n\n\n\n<p>1<sup>er<\/sup> Binicel Nathan ( Nakache Brazilian acad\u00e9my)<\/p>\n\n\n\n<p>2<sup>\u00e8me<\/sup> Faurie Adam ( Nakache Brazilian acad\u00e9my)<\/p>\n\n\n\n<p><strong>Cadets -62kg<\/strong><\/p>\n\n\n\n<p>1<sup>er<\/sup> Hechaichi Adam ( Nakache Brazilian acad\u00e9my)<\/p>\n\n\n\n<p>2<sup>\u00e8me<\/sup> Romer Onesime (Schmitz Fighting Team Belfort)<\/p>\n\n\n\n<p><strong>Minimes&nbsp; -62kg<\/strong><\/p>\n\n\n\n<p>1<sup>er<\/sup> Romer Auguste (Schmitz Fighting Team Belfort)<\/p>\n\n\n\n<p>2<sup>\u00e8me<\/sup> Hechaichi Ilyes ( Nakache Brazilian acad\u00e9my)<\/p>\n\n\n\n<p><strong>Minimes +68kg<\/strong><\/p>\n\n\n\n<p>1<sup>er<\/sup> Harfi Alonc ( Nakache Brazilian acad\u00e9my)<\/p>\n\n\n\n<p>2<sup>\u00e8me<\/sup> Romer Onesime (Schmitz Fighting Team Belfort)<\/p>\n\n\n\n<figure class=\"wp-block-image size-full\"><img loading=\"lazy\" decoding=\"async\" width=\"636\" height=\"729\" src=\"https:\/\/www.combat-complet.fr\/wp-content\/uploads\/2022\/12\/Gran-d-prix-combat-complet-12.22-finca.jpg\" alt=\"\" class=\"wp-image-718\" srcset=\"https:\/\/www.combat-complet.fr\/wp-content\/uploads\/2022\/12\/Gran-d-prix-combat-complet-12.22-finca.jpg 636w, https:\/\/www.combat-complet.fr\/wp-content\/uploads\/2022\/12\/Gran-d-prix-combat-complet-12.22-finca-262x300.jpg 262w\" sizes=\"auto, (max-width: 636px) 100vw, 636px\" \/><\/figure>\n\n\n\n<p><\/p>\n\n\n\n<p><\/p>\n\n\n\n<p><\/p>\n\n\n\n<p><\/p>\n\n\n\n<p class=\"has-text-align-center\" style=\"font-size:10px\">Disciplines FINCA  :  combat complet, combat jiu jitsu, combat boxing, nunchaku, nunchaku de combat, nunchaku artistique<\/p>\n","protected":false},"excerpt":{"rendered":"<p>Juniors&nbsp; -70kg 1er Duparchy Mathis (Schmitz Team Kingersheim) 2\u00e8me Wardan Dagutan(Wery Fighting Rosenau) Juniors -84kg 1er Aydin Ozkan (Wery Fighting Rosenau) 2\u00e8me Killian Grare (Wery Fighting Rosenau) 3\u00e8me Erwan Duhamel (Wery Fighting Rosenau) Seniors&nbsp; -60kg 1er Nathan Wherlen (Wery Fighting Rosenau) 2\u00e8me Eli Mungnaga (Schmitz Team Kingersheim) Seniors&nbsp; -64kg 1er Nouicer Badiss (Wery Fighting Rosenau) [&hellip;]<\/p>\n","protected":false},"author":2,"featured_media":0,"parent":0,"menu_order":0,"comment_status":"closed","ping_status":"closed","template":"","meta":{"footnotes":""},"class_list":["post-125","page","type-page","status-publish","hentry","entry"],"_links":{"self":[{"href":"https:\/\/www.combat-complet.fr\/index.php?rest_route=\/wp\/v2\/pages\/125","targetHints":{"allow":["GET"]}}],"collection":[{"href":"https:\/\/www.combat-complet.fr\/index.php?rest_route=\/wp\/v2\/pages"}],"about":[{"href":"https:\/\/www.combat-complet.fr\/index.php?rest_route=\/wp\/v2\/types\/page"}],"author":[{"embeddable":true,"href":"https:\/\/www.combat-complet.fr\/index.php?rest_route=\/wp\/v2\/users\/2"}],"replies":[{"embeddable":true,"href":"https:\/\/www.combat-complet.fr\/index.php?rest_route=%2Fwp%2Fv2%2Fcomments&post=125"}],"version-history":[{"count":12,"href":"https:\/\/www.combat-complet.fr\/index.php?rest_route=\/wp\/v2\/pages\/125\/revisions"}],"predecessor-version":[{"id":1205,"href":"https:\/\/www.combat-complet.fr\/index.php?rest_route=\/wp\/v2\/pages\/125\/revisions\/1205"}],"wp:attachment":[{"href":"https:\/\/www.combat-complet.fr\/index.php?rest_route=%2Fwp%2Fv2%2Fmedia&parent=125"}],"curies":[{"name":"wp","href":"https:\/\/api.w.org\/{rel}","templated":true}]}}