{"id":1254,"date":"2024-05-06T11:00:28","date_gmt":"2024-05-06T09:00:28","guid":{"rendered":"https:\/\/www.combat-complet.fr\/?page_id=1254"},"modified":"2024-05-23T10:12:02","modified_gmt":"2024-05-23T08:12:02","slug":"materiel","status":"publish","type":"page","link":"https:\/\/www.combat-complet.fr\/?page_id=1254","title":{"rendered":"MATERIEL"},"content":{"rendered":"\n<p>Pour toute commande veuillez nous adresser un mail :  <strong>raphael.schmitz@yahoo.fr<\/strong>, avec les articles souhait\u00e9s, une facture vous sera adress\u00e9e avec frais de port et vous pourrez ensuite proc\u00e9der \u00e0 votre paiement (par virement bancaire, paypal, ou ch\u00e8que, \u00e0 voir au moment de la commande). Vous pouvez \u00e9galement vous rendre sur le site <strong>www.combat.pro<\/strong> pour passer directement votre commande, et d\u00e9couvrir bien d&rsquo;autres articles.<\/p>\n\n\n\n<figure class=\"wp-block-image size-full\"><img loading=\"lazy\" decoding=\"async\" width=\"572\" height=\"856\" src=\"https:\/\/www.combat-complet.fr\/wp-content\/uploads\/2024\/05\/MATERIEL-NUNCHAKU-1.jpg\" alt=\"\" class=\"wp-image-1307\" srcset=\"https:\/\/www.combat-complet.fr\/wp-content\/uploads\/2024\/05\/MATERIEL-NUNCHAKU-1.jpg 572w, https:\/\/www.combat-complet.fr\/wp-content\/uploads\/2024\/05\/MATERIEL-NUNCHAKU-1-200x300.jpg 200w\" sizes=\"auto, (max-width: 572px) 100vw, 572px\" \/><\/figure>\n\n\n\n<figure class=\"wp-block-image size-full\"><img loading=\"lazy\" decoding=\"async\" width=\"585\" height=\"573\" src=\"https:\/\/www.combat-complet.fr\/wp-content\/uploads\/2024\/05\/materiel-nunchaku-prix-2.jpg\" alt=\"\" class=\"wp-image-1308\" srcset=\"https:\/\/www.combat-complet.fr\/wp-content\/uploads\/2024\/05\/materiel-nunchaku-prix-2.jpg 585w, https:\/\/www.combat-complet.fr\/wp-content\/uploads\/2024\/05\/materiel-nunchaku-prix-2-300x294.jpg 300w\" sizes=\"auto, (max-width: 585px) 100vw, 585px\" \/><\/figure>\n\n\n\n<figure class=\"wp-block-image size-full\"><img loading=\"lazy\" decoding=\"async\" width=\"580\" height=\"603\" src=\"https:\/\/www.combat-complet.fr\/wp-content\/uploads\/2024\/05\/MATERIEL-NUNCHAKU-3.jpg\" alt=\"\" class=\"wp-image-1309\" srcset=\"https:\/\/www.combat-complet.fr\/wp-content\/uploads\/2024\/05\/MATERIEL-NUNCHAKU-3.jpg 580w, https:\/\/www.combat-complet.fr\/wp-content\/uploads\/2024\/05\/MATERIEL-NUNCHAKU-3-289x300.jpg 289w\" sizes=\"auto, (max-width: 580px) 100vw, 580px\" \/><\/figure>\n\n\n\n<figure class=\"wp-block-image size-full\"><img loading=\"lazy\" decoding=\"async\" width=\"574\" height=\"779\" src=\"https:\/\/www.combat-complet.fr\/wp-content\/uploads\/2024\/05\/materiel-nunchaku-prix-3.jpg\" alt=\"\" class=\"wp-image-1310\" srcset=\"https:\/\/www.combat-complet.fr\/wp-content\/uploads\/2024\/05\/materiel-nunchaku-prix-3.jpg 574w, https:\/\/www.combat-complet.fr\/wp-content\/uploads\/2024\/05\/materiel-nunchaku-prix-3-221x300.jpg 221w\" sizes=\"auto, (max-width: 574px) 100vw, 574px\" \/><\/figure>\n\n\n\n<figure class=\"wp-block-image size-full is-resized\"><img loading=\"lazy\" decoding=\"async\" width=\"540\" height=\"129\" src=\"https:\/\/www.combat-complet.fr\/wp-content\/uploads\/2024\/05\/nunchaku-nouvelle-version-.jpg\" alt=\"\" class=\"wp-image-1312\" style=\"width:567px;height:auto\" srcset=\"https:\/\/www.combat-complet.fr\/wp-content\/uploads\/2024\/05\/nunchaku-nouvelle-version-.jpg 540w, https:\/\/www.combat-complet.fr\/wp-content\/uploads\/2024\/05\/nunchaku-nouvelle-version--300x72.jpg 300w\" sizes=\"auto, (max-width: 540px) 100vw, 540px\" \/><\/figure>\n\n\n\n<figure class=\"wp-block-image size-full\"><img loading=\"lazy\" decoding=\"async\" width=\"574\" height=\"882\" src=\"https:\/\/www.combat-complet.fr\/wp-content\/uploads\/2024\/05\/materiel-nunchaku-prix-.jpg\" alt=\"\" class=\"wp-image-1313\" srcset=\"https:\/\/www.combat-complet.fr\/wp-content\/uploads\/2024\/05\/materiel-nunchaku-prix-.jpg 574w, https:\/\/www.combat-complet.fr\/wp-content\/uploads\/2024\/05\/materiel-nunchaku-prix--195x300.jpg 195w\" sizes=\"auto, (max-width: 574px) 100vw, 574px\" \/><\/figure>\n","protected":false},"excerpt":{"rendered":"<p>Pour toute commande veuillez nous adresser un mail : raphael.schmitz@yahoo.fr, avec les articles souhait\u00e9s, une facture vous sera adress\u00e9e avec frais de port et vous pourrez ensuite proc\u00e9der \u00e0 votre paiement (par virement bancaire, paypal, ou ch\u00e8que, \u00e0 voir au moment de la commande). Vous pouvez \u00e9galement vous rendre sur le site www.combat.pro pour passer [&hellip;]<\/p>\n","protected":false},"author":2,"featured_media":0,"parent":0,"menu_order":0,"comment_status":"closed","ping_status":"closed","template":"","meta":{"footnotes":""},"class_list":["post-1254","page","type-page","status-publish","hentry","entry"],"_links":{"self":[{"href":"https:\/\/www.combat-complet.fr\/index.php?rest_route=\/wp\/v2\/pages\/1254","targetHints":{"allow":["GET"]}}],"collection":[{"href":"https:\/\/www.combat-complet.fr\/index.php?rest_route=\/wp\/v2\/pages"}],"about":[{"href":"https:\/\/www.combat-complet.fr\/index.php?rest_route=\/wp\/v2\/types\/page"}],"author":[{"embeddable":true,"href":"https:\/\/www.combat-complet.fr\/index.php?rest_route=\/wp\/v2\/users\/2"}],"replies":[{"embeddable":true,"href":"https:\/\/www.combat-complet.fr\/index.php?rest_route=%2Fwp%2Fv2%2Fcomments&post=1254"}],"version-history":[{"count":4,"href":"https:\/\/www.combat-complet.fr\/index.php?rest_route=\/wp\/v2\/pages\/1254\/revisions"}],"predecessor-version":[{"id":1315,"href":"https:\/\/www.combat-complet.fr\/index.php?rest_route=\/wp\/v2\/pages\/1254\/revisions\/1315"}],"wp:attachment":[{"href":"https:\/\/www.combat-complet.fr\/index.php?rest_route=%2Fwp%2Fv2%2Fmedia&parent=1254"}],"curies":[{"name":"wp","href":"https:\/\/api.w.org\/{rel}","templated":true}]}}