{"id":53,"date":"2022-01-13T10:39:02","date_gmt":"2022-01-13T09:39:02","guid":{"rendered":"http:\/\/www.combat-complet.fr\/?page_id=53"},"modified":"2025-05-02T10:41:01","modified_gmt":"2025-05-02T08:41:01","slug":"competitions","status":"publish","type":"page","link":"https:\/\/www.combat-complet.fr\/?page_id=53","title":{"rendered":"Comp\u00e9titions"},"content":{"rendered":"\n<p>Veuillez cliquer sur les onglets de la section \u00ab\u00a0comp\u00e9titions ( liste d\u00e9roulante),  il y a un onglet pour les dates de comp\u00e9titions, un onglet d\u00e9di\u00e9 aux r\u00e9sultats, un onglet sp\u00e9cial comp\u00e9titions  IST et SFT <\/p>\n\n\n\n<figure class=\"wp-block-gallery has-nested-images columns-default is-cropped wp-block-gallery-1 is-layout-flex wp-block-gallery-is-layout-flex\"><\/figure>\n\n\n\n<figure class=\"wp-block-gallery has-nested-images columns-default is-cropped wp-block-gallery-2 is-layout-flex wp-block-gallery-is-layout-flex\"><\/figure>\n\n\n\n<div class=\"wp-block-buttons is-layout-flex wp-block-buttons-is-layout-flex\"><\/div>\n\n\n\n<p><\/p>\n","protected":false},"excerpt":{"rendered":"<p>Veuillez cliquer sur les onglets de la section \u00ab\u00a0comp\u00e9titions ( liste d\u00e9roulante), il y a un onglet pour les dates de comp\u00e9titions, un onglet d\u00e9di\u00e9 aux r\u00e9sultats, un onglet sp\u00e9cial comp\u00e9titions IST et SFT<\/p>\n","protected":false},"author":2,"featured_media":0,"parent":0,"menu_order":0,"comment_status":"closed","ping_status":"closed","template":"","meta":{"footnotes":""},"class_list":["post-53","page","type-page","status-publish","hentry","entry"],"_links":{"self":[{"href":"https:\/\/www.combat-complet.fr\/index.php?rest_route=\/wp\/v2\/pages\/53","targetHints":{"allow":["GET"]}}],"collection":[{"href":"https:\/\/www.combat-complet.fr\/index.php?rest_route=\/wp\/v2\/pages"}],"about":[{"href":"https:\/\/www.combat-complet.fr\/index.php?rest_route=\/wp\/v2\/types\/page"}],"author":[{"embeddable":true,"href":"https:\/\/www.combat-complet.fr\/index.php?rest_route=\/wp\/v2\/users\/2"}],"replies":[{"embeddable":true,"href":"https:\/\/www.combat-complet.fr\/index.php?rest_route=%2Fwp%2Fv2%2Fcomments&post=53"}],"version-history":[{"count":15,"href":"https:\/\/www.combat-complet.fr\/index.php?rest_route=\/wp\/v2\/pages\/53\/revisions"}],"predecessor-version":[{"id":1652,"href":"https:\/\/www.combat-complet.fr\/index.php?rest_route=\/wp\/v2\/pages\/53\/revisions\/1652"}],"wp:attachment":[{"href":"https:\/\/www.combat-complet.fr\/index.php?rest_route=%2Fwp%2Fv2%2Fmedia&parent=53"}],"curies":[{"name":"wp","href":"https:\/\/api.w.org\/{rel}","templated":true}]}}