{"id":65,"date":"2022-01-13T10:40:45","date_gmt":"2022-01-13T09:40:45","guid":{"rendered":"http:\/\/www.combat-complet.fr\/?page_id=65"},"modified":"2026-03-20T10:51:49","modified_gmt":"2026-03-20T09:51:49","slug":"trouver-un-club","status":"publish","type":"page","link":"https:\/\/www.combat-complet.fr\/?page_id=65","title":{"rendered":"Trouver un club"},"content":{"rendered":"\n<p><strong><u>ARTS MARTIAUX DOJO FORM GUEBWILLER<\/u><\/strong><\/p>\n\n\n\n<p>(68 Guebwiller)<\/p>\n\n\n\n<p>03.89.76.82.92 \/ <a href=\"mailto:raphael.schmitz@yahoo.fr\">raphael.schmitz@yahoo.fr<\/a> <\/p>\n\n\n\n<p>Site&nbsp;:&nbsp; dojoformguebwiller.com \/  arts-martiaux-guebwiller-kingersheim.com  <\/p>\n\n\n\n<p><\/p>\n\n\n\n<p><strong><u>SCHMITZ FIGHTING TEAM KINGERSHEIM<\/u><\/strong><\/p>\n\n\n\n<p>(68 Kingersheim)<\/p>\n\n\n\n<p>03.89.76.82.92 \/ <a href=\"mailto:raphael.schmitz@yahoo.fr\">raphael.schmitz@yahoo.fr<\/a><\/p>\n\n\n\n<p>Site&nbsp;:&nbsp; arts-martiaux-guebwiller-kingersheim.com &nbsp;\/ jiu jitsubresilienmulhouse68.fr<\/p>\n\n\n\n<p><strong><u>NBJJA BDC<\/u><\/strong><\/p>\n\n\n\n<p>(35 Bourg les comptes )<\/p>\n\n\n\n<p>06.60.53.46.71 \/&nbsp;&nbsp;<a href=\"mailto:nbjja.dc@gmail.com\">nbjja.dc@gmail.com<\/a><\/p>\n\n\n\n<p>www.nbjja-bdc.wednode.fr<\/p>\n\n\n\n<p class=\"has-small-font-size\"><strong><u>KAMEOSS FIGHTING<\/u><\/strong><\/p>\n\n\n\n<p>(68300 Saint Louis)<\/p>\n\n\n\n<p>06.50.71.01.00 \/ abdeladib68@gmail.com<\/p>\n\n\n\n<p><\/p>\n\n\n\n<p><strong><u>ARTS MARTIAUX SOULTZ<\/u><\/strong><\/p>\n\n\n\n<p>(68 Soultz)<\/p>\n\n\n\n<p>03.89.76.82.92 \/ <a href=\"mailto:raphael.schmitz@yahoo.fr\">raphael.schmitz@yahoo.fr<\/a><\/p>\n\n\n\n<p>Site&nbsp;:&nbsp; combat-taekwondo.fr<\/p>\n\n\n\n<p><\/p>\n\n\n\n<p><strong><u>ARTS MARTIAUX BOLLWILLER<\/u><\/strong><\/p>\n\n\n\n<p>(68 Bollwiller)<\/p>\n\n\n\n<p>03.89.76.82.92 \/ <a href=\"mailto:raphael.schmitz@yahoo.fr\">raphael.schmitz@yahoo.fr<\/a><\/p>\n\n\n\n<p>Site&nbsp;:&nbsp; combat-taekwondo.fr<\/p>\n\n\n\n<p><\/p>\n\n\n\n<p><strong><u>TAE KWON DO BERGHOLTZ<\/u><\/strong><\/p>\n\n\n\n<p>(68 Bergholtz)<\/p>\n\n\n\n<p>03.89.76.82.92 \/ <a href=\"mailto:raphael.schmitz@yahoo.fr\">raphael.schmitz@yahoo.fr<\/a><\/p>\n\n\n\n<p>Site&nbsp;:&nbsp; combat-taekwondo.fr<\/p>\n\n\n\n<p><\/p>\n\n\n\n<p><strong><u>TAE KWON DO WITTELSHEIM<\/u><\/strong><\/p>\n\n\n\n<p>(68 Wittelsheim)<\/p>\n\n\n\n<p>03.89.76.82.92 \/ <a href=\"mailto:raphael.schmitz@yahoo.fr\">raphael.schmitz@yahoo.fr<\/a><\/p>\n\n\n\n<p>Site&nbsp;:&nbsp; combat-taekwondo.fr<\/p>\n\n\n\n<figure class=\"wp-block-image size-large is-resized\"><img loading=\"lazy\" decoding=\"async\" width=\"724\" height=\"1024\" src=\"https:\/\/www.combat-complet.fr\/wp-content\/uploads\/2022\/01\/schmitz-team-68-724x1024.jpg\" alt=\"\" class=\"wp-image-298\" style=\"width:444px;height:628px\" srcset=\"https:\/\/www.combat-complet.fr\/wp-content\/uploads\/2022\/01\/schmitz-team-68-724x1024.jpg 724w, https:\/\/www.combat-complet.fr\/wp-content\/uploads\/2022\/01\/schmitz-team-68-212x300.jpg 212w, https:\/\/www.combat-complet.fr\/wp-content\/uploads\/2022\/01\/schmitz-team-68-768x1086.jpg 768w, https:\/\/www.combat-complet.fr\/wp-content\/uploads\/2022\/01\/schmitz-team-68-1087x1536.jpg 1087w, https:\/\/www.combat-complet.fr\/wp-content\/uploads\/2022\/01\/schmitz-team-68-1449x2048.jpg 1449w, https:\/\/www.combat-complet.fr\/wp-content\/uploads\/2022\/01\/schmitz-team-68-scaled.jpg 1811w\" sizes=\"auto, (max-width: 724px) 100vw, 724px\" \/><\/figure>\n\n\n\n<p><strong><u>SCHMITZ FIGHTING BELFORT<\/u><\/strong><\/p>\n\n\n\n<p>(90 Belfort)<\/p>\n\n\n\n<p>03.89.76.82.92 \/ <a href=\"mailto:raphael.schmitz@yahoo.fr\">raphael.schmitz@yahoo.fr<\/a><\/p>\n\n\n\n<p>Site&nbsp;:&nbsp; facebook SchmitzTeam Belfort<\/p>\n\n\n\n<p><strong><u>NAKACHE JIU JITSU BRESILIEN ACADEMIE<\/u><br><\/strong>(69 Bron)<\/p>\n\n\n\n<p>06.14.17.14.65 \/&nbsp;<a href=\"mailto:thierrynakache@hotmail.fr\">thierrynakache@hotmail.fr<\/a><\/p>\n\n\n\n<p>Site&nbsp; :&nbsp; nakachejiujitsu.com<\/p>\n\n\n\n<p>&nbsp;<\/p>\n\n\n\n<p><u><strong> CHOKE TEAM <\/strong><\/u><\/p>\n\n\n\n<p>(90 Beaucourt)<\/p>\n\n\n\n<p>06.79.23.63.72 \/&nbsp;choketeamasso@gmail.com<\/p>\n\n\n\n<p><\/p>\n\n\n\n<p><strong><u>NUNCHAKU 78<\/u><\/strong><\/p>\n\n\n\n<p>(78 Essart le Roi)<\/p>\n\n\n\n<p>06.64.81.73.19 \/&nbsp;<a href=\"mailto:nunchaku78@gmail.com\">nunchaku78@gmail.com<\/a><\/p>\n\n\n\n<p>Site&nbsp; :&nbsp; nunchaku78.free.fr<\/p>\n\n\n\n<p><\/p>\n\n\n\n<p><strong><u>CAMO<\/u><\/strong><\/p>\n\n\n\n<p>(69 Oullins)<\/p>\n\n\n\n<p>&nbsp;06.65.71.74.70 \/&nbsp;murielle.jomard@yahoo.fr<\/p>\n\n\n\n<p>Site :&nbsp; facebook : club de nunchaku de Combat CAMO<\/p>\n\n\n\n<p><\/p>\n\n\n\n<p><strong>ORGANISATION PUBLIQUE PANORAMIQUE D&rsquo;\u00c9DUCATION PHYSIQUE ET DE SPORT F\u00c9D\u00c9RATION DE TOUTE LA RUSSIE DE KOBUD\u014c<\/strong><\/p>\n\n\n\n<p>Courriel&nbsp;:&nbsp;&nbsp; <a href=\"mailto:kobudo.region@yandex.ru\">kobudo.region@yandex.ru<\/a><\/p>\n\n\n\n<p>Site  :  http:\/\/kobu-do.ru\/<\/p>\n\n\n\n<p><\/p>\n\n\n\n<figure class=\"wp-block-image size-large is-resized\"><img loading=\"lazy\" decoding=\"async\" width=\"1024\" height=\"1024\" src=\"https:\/\/www.combat-complet.fr\/wp-content\/uploads\/2026\/03\/\u0412\u0424\u041a--1024x1024.png\" alt=\"\" class=\"wp-image-1965\" style=\"width:260px;height:auto\" srcset=\"https:\/\/www.combat-complet.fr\/wp-content\/uploads\/2026\/03\/\u0412\u0424\u041a--1024x1024.png 1024w, https:\/\/www.combat-complet.fr\/wp-content\/uploads\/2026\/03\/\u0412\u0424\u041a--300x300.png 300w, https:\/\/www.combat-complet.fr\/wp-content\/uploads\/2026\/03\/\u0412\u0424\u041a--150x150.png 150w, https:\/\/www.combat-complet.fr\/wp-content\/uploads\/2026\/03\/\u0412\u0424\u041a--768x768.png 768w, https:\/\/www.combat-complet.fr\/wp-content\/uploads\/2026\/03\/\u0412\u0424\u041a--600x600.png 600w, https:\/\/www.combat-complet.fr\/wp-content\/uploads\/2026\/03\/\u0412\u0424\u041a-.png 1330w\" sizes=\"auto, (max-width: 1024px) 100vw, 1024px\" \/><\/figure>\n\n\n\n<p><\/p>\n\n\n\n<p><\/p>\n\n\n\n<p style=\"font-size:10px\">Disciplines FINCA  :  combat complet, combat jiu jitsu, combat boxing, nunchaku, nunchaku de combat, nunchaku artistique<\/p>\n","protected":false},"excerpt":{"rendered":"<p>ARTS MARTIAUX DOJO FORM GUEBWILLER (68 Guebwiller) 03.89.76.82.92 \/ raphael.schmitz@yahoo.fr Site&nbsp;:&nbsp; dojoformguebwiller.com \/ arts-martiaux-guebwiller-kingersheim.com SCHMITZ FIGHTING TEAM KINGERSHEIM (68 Kingersheim) 03.89.76.82.92 \/ raphael.schmitz@yahoo.fr Site&nbsp;:&nbsp; arts-martiaux-guebwiller-kingersheim.com &nbsp;\/ jiu jitsubresilienmulhouse68.fr NBJJA BDC (35 Bourg les comptes ) 06.60.53.46.71 \/&nbsp;&nbsp;nbjja.dc@gmail.com www.nbjja-bdc.wednode.fr KAMEOSS FIGHTING (68300 Saint Louis) 06.50.71.01.00 \/ abdeladib68@gmail.com ARTS MARTIAUX SOULTZ (68 Soultz) 03.89.76.82.92 \/ raphael.schmitz@yahoo.fr Site&nbsp;:&nbsp; [&hellip;]<\/p>\n","protected":false},"author":2,"featured_media":0,"parent":0,"menu_order":0,"comment_status":"closed","ping_status":"closed","template":"","meta":{"footnotes":""},"class_list":["post-65","page","type-page","status-publish","hentry","entry"],"_links":{"self":[{"href":"https:\/\/www.combat-complet.fr\/index.php?rest_route=\/wp\/v2\/pages\/65","targetHints":{"allow":["GET"]}}],"collection":[{"href":"https:\/\/www.combat-complet.fr\/index.php?rest_route=\/wp\/v2\/pages"}],"about":[{"href":"https:\/\/www.combat-complet.fr\/index.php?rest_route=\/wp\/v2\/types\/page"}],"author":[{"embeddable":true,"href":"https:\/\/www.combat-complet.fr\/index.php?rest_route=\/wp\/v2\/users\/2"}],"replies":[{"embeddable":true,"href":"https:\/\/www.combat-complet.fr\/index.php?rest_route=%2Fwp%2Fv2%2Fcomments&post=65"}],"version-history":[{"count":21,"href":"https:\/\/www.combat-complet.fr\/index.php?rest_route=\/wp\/v2\/pages\/65\/revisions"}],"predecessor-version":[{"id":1966,"href":"https:\/\/www.combat-complet.fr\/index.php?rest_route=\/wp\/v2\/pages\/65\/revisions\/1966"}],"wp:attachment":[{"href":"https:\/\/www.combat-complet.fr\/index.php?rest_route=%2Fwp%2Fv2%2Fmedia&parent=65"}],"curies":[{"name":"wp","href":"https:\/\/api.w.org\/{rel}","templated":true}]}}