{"id":69,"date":"2022-01-13T10:41:35","date_gmt":"2022-01-13T09:41:35","guid":{"rendered":"http:\/\/www.combat-complet.fr\/?page_id=69"},"modified":"2026-01-21T09:29:07","modified_gmt":"2026-01-21T08:29:07","slug":"news","status":"publish","type":"page","link":"https:\/\/www.combat-complet.fr\/?page_id=69","title":{"rendered":"News"},"content":{"rendered":"\n<p><strong>Assurance clubs affili\u00e9s, voici ci dessous le tableau des garanties pour les licenci\u00e9s des clubs affili\u00e9s FINCA  <\/strong> : <\/p>\n\n\n\n<figure class=\"wp-block-gallery has-nested-images columns-default is-cropped wp-block-gallery-1 is-layout-flex wp-block-gallery-is-layout-flex\">\n<figure class=\"wp-block-image size-full\"><img loading=\"lazy\" decoding=\"async\" width=\"623\" height=\"881\" data-id=\"1790\" src=\"https:\/\/www.combat-complet.fr\/wp-content\/uploads\/2025\/10\/Axa-assurance.png\" alt=\"\" class=\"wp-image-1790\" srcset=\"https:\/\/www.combat-complet.fr\/wp-content\/uploads\/2025\/10\/Axa-assurance.png 623w, https:\/\/www.combat-complet.fr\/wp-content\/uploads\/2025\/10\/Axa-assurance-212x300.png 212w\" sizes=\"auto, (max-width: 623px) 100vw, 623px\" \/><\/figure>\n\n\n\n<figure class=\"wp-block-image size-full\"><img loading=\"lazy\" decoding=\"async\" width=\"557\" height=\"789\" data-id=\"1791\" src=\"https:\/\/www.combat-complet.fr\/wp-content\/uploads\/2025\/10\/Axa-tableau-garanties.png\" alt=\"\" class=\"wp-image-1791\" srcset=\"https:\/\/www.combat-complet.fr\/wp-content\/uploads\/2025\/10\/Axa-tableau-garanties.png 557w, https:\/\/www.combat-complet.fr\/wp-content\/uploads\/2025\/10\/Axa-tableau-garanties-212x300.png 212w\" sizes=\"auto, (max-width: 557px) 100vw, 557px\" \/><\/figure>\n<\/figure>\n\n\n\n<h2 class=\"wp-block-heading\">Photos archives club de nunchaku \u00e0 Bollwiller cr\u00e9e en 1985 <\/h2>\n\n\n\n<p>Stage nunchaku Casablanca 1998<\/p>\n\n\n\n<figure class=\"wp-block-image size-large is-resized\"><img loading=\"lazy\" decoding=\"async\" width=\"768\" height=\"1024\" src=\"https:\/\/www.combat-complet.fr\/wp-content\/uploads\/2026\/01\/stage-nunchaku-casablanca-1998-1-768x1024.jpg\" alt=\"\" class=\"wp-image-1853\" style=\"width:359px;height:auto\" srcset=\"https:\/\/www.combat-complet.fr\/wp-content\/uploads\/2026\/01\/stage-nunchaku-casablanca-1998-1-768x1024.jpg 768w, https:\/\/www.combat-complet.fr\/wp-content\/uploads\/2026\/01\/stage-nunchaku-casablanca-1998-1-225x300.jpg 225w, https:\/\/www.combat-complet.fr\/wp-content\/uploads\/2026\/01\/stage-nunchaku-casablanca-1998-1-1152x1536.jpg 1152w, https:\/\/www.combat-complet.fr\/wp-content\/uploads\/2026\/01\/stage-nunchaku-casablanca-1998-1-1536x2048.jpg 1536w, https:\/\/www.combat-complet.fr\/wp-content\/uploads\/2026\/01\/stage-nunchaku-casablanca-1998-1-scaled.jpg 1920w\" sizes=\"auto, (max-width: 768px) 100vw, 768px\" \/><\/figure>\n\n\n\n<figure class=\"wp-block-image size-large is-resized\"><img loading=\"lazy\" decoding=\"async\" width=\"1024\" height=\"620\" src=\"https:\/\/www.combat-complet.fr\/wp-content\/uploads\/2026\/01\/nunchaku--1024x620.jpg\" alt=\"\" class=\"wp-image-1855\" style=\"aspect-ratio:1.6515925873367654;width:620px;height:auto\" srcset=\"https:\/\/www.combat-complet.fr\/wp-content\/uploads\/2026\/01\/nunchaku--1024x620.jpg 1024w, https:\/\/www.combat-complet.fr\/wp-content\/uploads\/2026\/01\/nunchaku--300x182.jpg 300w, https:\/\/www.combat-complet.fr\/wp-content\/uploads\/2026\/01\/nunchaku--768x465.jpg 768w, https:\/\/www.combat-complet.fr\/wp-content\/uploads\/2026\/01\/nunchaku-.jpg 1200w\" sizes=\"auto, (max-width: 1024px) 100vw, 1024px\" \/><\/figure>\n\n\n\n<p><\/p>\n\n\n\n<p>Comp\u00e9tition au Liban 1998<\/p>\n\n\n\n<figure class=\"wp-block-image size-large is-resized\"><img loading=\"lazy\" decoding=\"async\" width=\"768\" height=\"1024\" src=\"https:\/\/www.combat-complet.fr\/wp-content\/uploads\/2026\/01\/Competition-au-Liban-1998-768x1024.jpg\" alt=\"\" class=\"wp-image-1844\" style=\"width:376px;height:auto\" srcset=\"https:\/\/www.combat-complet.fr\/wp-content\/uploads\/2026\/01\/Competition-au-Liban-1998-768x1024.jpg 768w, https:\/\/www.combat-complet.fr\/wp-content\/uploads\/2026\/01\/Competition-au-Liban-1998-225x300.jpg 225w, https:\/\/www.combat-complet.fr\/wp-content\/uploads\/2026\/01\/Competition-au-Liban-1998-1152x1536.jpg 1152w, https:\/\/www.combat-complet.fr\/wp-content\/uploads\/2026\/01\/Competition-au-Liban-1998-1536x2048.jpg 1536w, https:\/\/www.combat-complet.fr\/wp-content\/uploads\/2026\/01\/Competition-au-Liban-1998-scaled.jpg 1920w\" sizes=\"auto, (max-width: 768px) 100vw, 768px\" \/><\/figure>\n\n\n\n<p>Stage national Bollwiller 1995<\/p>\n\n\n\n<figure class=\"wp-block-image size-large is-resized\"><img loading=\"lazy\" decoding=\"async\" width=\"768\" height=\"1024\" src=\"https:\/\/www.combat-complet.fr\/wp-content\/uploads\/2026\/01\/Stage-national-Bollwiller-1995-768x1024.jpg\" alt=\"\" class=\"wp-image-1845\" style=\"aspect-ratio:0.7499999837441882;width:371px;height:auto\" srcset=\"https:\/\/www.combat-complet.fr\/wp-content\/uploads\/2026\/01\/Stage-national-Bollwiller-1995-768x1024.jpg 768w, https:\/\/www.combat-complet.fr\/wp-content\/uploads\/2026\/01\/Stage-national-Bollwiller-1995-225x300.jpg 225w, https:\/\/www.combat-complet.fr\/wp-content\/uploads\/2026\/01\/Stage-national-Bollwiller-1995-1152x1536.jpg 1152w, https:\/\/www.combat-complet.fr\/wp-content\/uploads\/2026\/01\/Stage-national-Bollwiller-1995-1536x2048.jpg 1536w, https:\/\/www.combat-complet.fr\/wp-content\/uploads\/2026\/01\/Stage-national-Bollwiller-1995-scaled.jpg 1920w\" sizes=\"auto, (max-width: 768px) 100vw, 768px\" \/><\/figure>\n\n\n\n<p><\/p>\n\n\n\n<p><\/p>\n\n\n\n<p>Divers <\/p>\n\n\n\n<p><\/p>\n\n\n\n<figure class=\"wp-block-image size-full\"><img loading=\"lazy\" decoding=\"async\" width=\"421\" height=\"823\" src=\"https:\/\/www.combat-complet.fr\/wp-content\/uploads\/2025\/12\/club-arts-martiaux-bollwiller-1.png\" alt=\"\" class=\"wp-image-1833\" srcset=\"https:\/\/www.combat-complet.fr\/wp-content\/uploads\/2025\/12\/club-arts-martiaux-bollwiller-1.png 421w, https:\/\/www.combat-complet.fr\/wp-content\/uploads\/2025\/12\/club-arts-martiaux-bollwiller-1-153x300.png 153w\" sizes=\"auto, (max-width: 421px) 100vw, 421px\" \/><\/figure>\n\n\n\n<figure class=\"wp-block-image size-full\"><img loading=\"lazy\" decoding=\"async\" width=\"443\" height=\"563\" src=\"https:\/\/www.combat-complet.fr\/wp-content\/uploads\/2025\/12\/club-arts-martiaux-bollwiller-2.png\" alt=\"\" class=\"wp-image-1834\" srcset=\"https:\/\/www.combat-complet.fr\/wp-content\/uploads\/2025\/12\/club-arts-martiaux-bollwiller-2.png 443w, https:\/\/www.combat-complet.fr\/wp-content\/uploads\/2025\/12\/club-arts-martiaux-bollwiller-2-236x300.png 236w\" sizes=\"auto, (max-width: 443px) 100vw, 443px\" \/><\/figure>\n\n\n\n<figure class=\"wp-block-image size-full\"><img loading=\"lazy\" decoding=\"async\" width=\"359\" height=\"675\" src=\"https:\/\/www.combat-complet.fr\/wp-content\/uploads\/2025\/12\/club-arts-martiaux-bollwiller-3.png\" alt=\"\" class=\"wp-image-1835\" srcset=\"https:\/\/www.combat-complet.fr\/wp-content\/uploads\/2025\/12\/club-arts-martiaux-bollwiller-3.png 359w, https:\/\/www.combat-complet.fr\/wp-content\/uploads\/2025\/12\/club-arts-martiaux-bollwiller-3-160x300.png 160w\" sizes=\"auto, (max-width: 359px) 100vw, 359px\" \/><\/figure>\n\n\n\n<p class=\"has-medium-font-size\"><strong>Passage de Grade <\/strong> : <\/p>\n\n\n\n<p>Grade obtenus lors du stage de nunchaku \u00e0 Fronton ( 2025) <\/p>\n\n\n\n<ul class=\"wp-block-list\">\n<li>Olive Claude &#8211; orange<\/li>\n\n\n\n<li>Yasmine El Mahmoudi &#8211;  orange<\/li>\n\n\n\n<li>Nicolas Lienemann  &#8211; 1\u00e8re rouge <\/li>\n\n\n\n<li>Fran\u00e7ois Xavier Cyssau &#8211; 2\u00e8me rouge<\/li>\n\n\n\n<li>Christian Camilletti &#8211; 2\u00e8me rouge <\/li>\n\n\n\n<li>Sebastien Lecorche  &#8211; 2\u00e8me noire <\/li>\n\n\n\n<li>Bernard Pepin &#8211; 2\u00e8me  rouge<\/li>\n<\/ul>\n\n\n\n<p><\/p>\n\n\n\n<p><\/p>\n\n\n\n<p><\/p>\n\n\n\n<p class=\"has-text-align-center\">Yacine Tebdjoune (repr\u00e9sentant du nunchaku de combat au Canada) avec Dan Inosanto qui a travaill\u00e9 le nunchaku avec Bruce lee<\/p>\n\n\n<div class=\"wp-block-image\">\n<figure class=\"aligncenter size-large is-resized\"><img loading=\"lazy\" decoding=\"async\" width=\"1024\" height=\"472\" src=\"https:\/\/www.combat-complet.fr\/wp-content\/uploads\/2025\/09\/Yasin-1024x472.png\" alt=\"\" class=\"wp-image-1762\" style=\"width:732px;height:auto\" srcset=\"https:\/\/www.combat-complet.fr\/wp-content\/uploads\/2025\/09\/Yasin-1024x472.png 1024w, https:\/\/www.combat-complet.fr\/wp-content\/uploads\/2025\/09\/Yasin-300x138.png 300w, https:\/\/www.combat-complet.fr\/wp-content\/uploads\/2025\/09\/Yasin-768x354.png 768w, https:\/\/www.combat-complet.fr\/wp-content\/uploads\/2025\/09\/Yasin-1536x709.png 1536w, https:\/\/www.combat-complet.fr\/wp-content\/uploads\/2025\/09\/Yasin-2048x945.png 2048w\" sizes=\"auto, (max-width: 1024px) 100vw, 1024px\" \/><\/figure>\n<\/div>\n\n\n<figure class=\"wp-block-gallery aligncenter has-nested-images columns-default is-cropped wp-block-gallery-2 is-layout-flex wp-block-gallery-is-layout-flex\">\n<figure class=\"wp-block-image size-large\"><img loading=\"lazy\" decoding=\"async\" width=\"472\" height=\"1024\" data-id=\"1763\" src=\"https:\/\/www.combat-complet.fr\/wp-content\/uploads\/2025\/09\/Dan-472x1024.png\" alt=\"\" class=\"wp-image-1763\" srcset=\"https:\/\/www.combat-complet.fr\/wp-content\/uploads\/2025\/09\/Dan-472x1024.png 472w, https:\/\/www.combat-complet.fr\/wp-content\/uploads\/2025\/09\/Dan-138x300.png 138w, https:\/\/www.combat-complet.fr\/wp-content\/uploads\/2025\/09\/Dan-768x1665.png 768w, https:\/\/www.combat-complet.fr\/wp-content\/uploads\/2025\/09\/Dan-709x1536.png 709w, https:\/\/www.combat-complet.fr\/wp-content\/uploads\/2025\/09\/Dan-945x2048.png 945w, https:\/\/www.combat-complet.fr\/wp-content\/uploads\/2025\/09\/Dan.png 1179w\" sizes=\"auto, (max-width: 472px) 100vw, 472px\" \/><\/figure>\n\n\n\n<figure class=\"wp-block-image size-large\"><img loading=\"lazy\" decoding=\"async\" width=\"472\" height=\"1024\" data-id=\"1764\" src=\"https:\/\/www.combat-complet.fr\/wp-content\/uploads\/2025\/09\/Bruce-lee-472x1024.png\" alt=\"\" class=\"wp-image-1764\" srcset=\"https:\/\/www.combat-complet.fr\/wp-content\/uploads\/2025\/09\/Bruce-lee-472x1024.png 472w, https:\/\/www.combat-complet.fr\/wp-content\/uploads\/2025\/09\/Bruce-lee-138x300.png 138w, https:\/\/www.combat-complet.fr\/wp-content\/uploads\/2025\/09\/Bruce-lee-768x1665.png 768w, https:\/\/www.combat-complet.fr\/wp-content\/uploads\/2025\/09\/Bruce-lee-709x1536.png 709w, https:\/\/www.combat-complet.fr\/wp-content\/uploads\/2025\/09\/Bruce-lee-945x2048.png 945w, https:\/\/www.combat-complet.fr\/wp-content\/uploads\/2025\/09\/Bruce-lee.png 1179w\" sizes=\"auto, (max-width: 472px) 100vw, 472px\" \/><\/figure>\n<\/figure>\n\n\n\n<p class=\"has-text-align-center\"><\/p>\n\n\n\n<p><strong>Record du monde FINCA 2023 le plus de 2\u00e8me  maniement nunchaku en 30 secondes : 81 maniements pour  Romain Pernot  <\/strong><\/p>\n\n\n\n<figure class=\"wp-block-video\"><video height=\"640\" style=\"aspect-ratio: 352 \/ 640;\" width=\"352\" controls src=\"https:\/\/www.combat-complet.fr\/wp-content\/uploads\/2023\/03\/Record-du-monde-nunchaku-2023-FINCA.mp4\"><\/video><\/figure>\n\n\n\n<figure class=\"wp-block-image size-full is-resized\"><img loading=\"lazy\" decoding=\"async\" width=\"589\" height=\"580\" src=\"https:\/\/www.combat-complet.fr\/wp-content\/uploads\/2022\/11\/combat-complet-total-maroc.jpg\" alt=\"\" class=\"wp-image-690\" style=\"width:409px;height:403px\" srcset=\"https:\/\/www.combat-complet.fr\/wp-content\/uploads\/2022\/11\/combat-complet-total-maroc.jpg 589w, https:\/\/www.combat-complet.fr\/wp-content\/uploads\/2022\/11\/combat-complet-total-maroc-300x295.jpg 300w\" sizes=\"auto, (max-width: 589px) 100vw, 589px\" \/><\/figure>\n\n\n\n<figure class=\"wp-block-image size-full\"><img loading=\"lazy\" decoding=\"async\" width=\"772\" height=\"831\" src=\"https:\/\/www.combat-complet.fr\/wp-content\/uploads\/2022\/10\/combat-complet-maroc-2022-abderrazak-taghza.jpg\" alt=\"\" class=\"wp-image-685\" srcset=\"https:\/\/www.combat-complet.fr\/wp-content\/uploads\/2022\/10\/combat-complet-maroc-2022-abderrazak-taghza.jpg 772w, https:\/\/www.combat-complet.fr\/wp-content\/uploads\/2022\/10\/combat-complet-maroc-2022-abderrazak-taghza-279x300.jpg 279w, https:\/\/www.combat-complet.fr\/wp-content\/uploads\/2022\/10\/combat-complet-maroc-2022-abderrazak-taghza-768x827.jpg 768w\" sizes=\"auto, (max-width: 772px) 100vw, 772px\" \/><\/figure>\n\n\n\n<figure class=\"wp-block-image size-full\"><img loading=\"lazy\" decoding=\"async\" width=\"789\" height=\"725\" src=\"https:\/\/www.combat-complet.fr\/wp-content\/uploads\/2022\/10\/combat-complet-maroc-2022-abderrazak-taghza-1-.jpg\" alt=\"\" class=\"wp-image-687\" srcset=\"https:\/\/www.combat-complet.fr\/wp-content\/uploads\/2022\/10\/combat-complet-maroc-2022-abderrazak-taghza-1-.jpg 789w, https:\/\/www.combat-complet.fr\/wp-content\/uploads\/2022\/10\/combat-complet-maroc-2022-abderrazak-taghza-1--300x276.jpg 300w, https:\/\/www.combat-complet.fr\/wp-content\/uploads\/2022\/10\/combat-complet-maroc-2022-abderrazak-taghza-1--768x706.jpg 768w\" sizes=\"auto, (max-width: 789px) 100vw, 789px\" \/><\/figure>\n\n\n\n<p>RENCONTRE FRANCO ALLEMANDE \u00e0 GUEBWILER &#8211; MAI 2022<\/p>\n\n\n\n<p>Stage et tournoi de jiu jitsu Br\u00e9silien <\/p>\n\n\n\n<figure class=\"wp-block-image size-full\"><img loading=\"lazy\" decoding=\"async\" width=\"962\" height=\"387\" src=\"https:\/\/www.combat-complet.fr\/wp-content\/uploads\/2022\/04\/Sans-titrefond-citoyen.jpg\" alt=\"\" class=\"wp-image-592\" srcset=\"https:\/\/www.combat-complet.fr\/wp-content\/uploads\/2022\/04\/Sans-titrefond-citoyen.jpg 962w, https:\/\/www.combat-complet.fr\/wp-content\/uploads\/2022\/04\/Sans-titrefond-citoyen-300x121.jpg 300w, https:\/\/www.combat-complet.fr\/wp-content\/uploads\/2022\/04\/Sans-titrefond-citoyen-768x309.jpg 768w\" sizes=\"auto, (max-width: 962px) 100vw, 962px\" \/><\/figure>\n\n\n\n<figure class=\"wp-block-image size-full\"><img loading=\"lazy\" decoding=\"async\" width=\"650\" height=\"807\" src=\"https:\/\/www.combat-complet.fr\/wp-content\/uploads\/2022\/06\/rencontre-franco-allemande-jiu-jitsu-bresilien-guebwiller.png\" alt=\"\" class=\"wp-image-615\" srcset=\"https:\/\/www.combat-complet.fr\/wp-content\/uploads\/2022\/06\/rencontre-franco-allemande-jiu-jitsu-bresilien-guebwiller.png 650w, https:\/\/www.combat-complet.fr\/wp-content\/uploads\/2022\/06\/rencontre-franco-allemande-jiu-jitsu-bresilien-guebwiller-242x300.png 242w\" sizes=\"auto, (max-width: 650px) 100vw, 650px\" \/><\/figure>\n\n\n\n<h2 class=\"wp-block-heading\">Romain Pernot a \u00e9tabli un nouveau record du monde FINCA : <\/h2>\n\n\n\n<h2 class=\"wp-block-heading\">81 \u00a0\u00bb 2\u00e8me maniement\u00a0\u00bb en 30 secondes<\/h2>\n\n\n\n<figure class=\"wp-block-image size-full\"><img loading=\"lazy\" decoding=\"async\" width=\"409\" height=\"555\" src=\"https:\/\/www.combat-complet.fr\/wp-content\/uploads\/2022\/03\/Romian-Pernot-record-nunchaku.jpg\" alt=\"\" class=\"wp-image-529\" srcset=\"https:\/\/www.combat-complet.fr\/wp-content\/uploads\/2022\/03\/Romian-Pernot-record-nunchaku.jpg 409w, https:\/\/www.combat-complet.fr\/wp-content\/uploads\/2022\/03\/Romian-Pernot-record-nunchaku-221x300.jpg 221w\" sizes=\"auto, (max-width: 409px) 100vw, 409px\" \/><\/figure>\n\n\n\n<h1 class=\"wp-block-heading\"><mark style=\"background-color:rgba(0, 0, 0, 0)\" class=\"has-inline-color has-vivid-red-color\">RECORDS DU MONDE <\/mark><\/h1>\n\n\n\n<p><strong>Romain Pernot<\/strong>  81 \u00ab\u00a02\u00e8me maniement\u00a0\u00bb en  30 secondes <\/p>\n\n\n\n<p><strong>Vannara Samboun<\/strong> 19 \u00ab\u00a01\u00e8re attaques\u00a0\u00bb en 30 secondes avec nunchaku de 7.7kg<\/p>\n\n\n\n<p><strong>Pierre Mercier <\/strong>  67  \u00ab\u00a02\u00e8me maniement\u00a0\u00bb en  30 secondes<\/p>\n\n\n\n<p><strong>Pierre Mercie<\/strong>r  46 lanc\u00e9s<\/p>\n\n\n\n<p><strong>Raphael Schmitz <\/strong>28 \u00ab\u00a0tours du doigt\u00a0\u00bb<\/p>\n","protected":false},"excerpt":{"rendered":"<p>Assurance clubs affili\u00e9s, voici ci dessous le tableau des garanties pour les licenci\u00e9s des clubs affili\u00e9s FINCA : Photos archives club de nunchaku \u00e0 Bollwiller cr\u00e9e en 1985 Stage nunchaku Casablanca 1998 Comp\u00e9tition au Liban 1998 Stage national Bollwiller 1995 Divers Passage de Grade : Grade obtenus lors du stage de nunchaku \u00e0 Fronton ( [&hellip;]<\/p>\n","protected":false},"author":2,"featured_media":0,"parent":0,"menu_order":0,"comment_status":"closed","ping_status":"closed","template":"","meta":{"footnotes":""},"class_list":["post-69","page","type-page","status-publish","hentry","entry"],"_links":{"self":[{"href":"https:\/\/www.combat-complet.fr\/index.php?rest_route=\/wp\/v2\/pages\/69","targetHints":{"allow":["GET"]}}],"collection":[{"href":"https:\/\/www.combat-complet.fr\/index.php?rest_route=\/wp\/v2\/pages"}],"about":[{"href":"https:\/\/www.combat-complet.fr\/index.php?rest_route=\/wp\/v2\/types\/page"}],"author":[{"embeddable":true,"href":"https:\/\/www.combat-complet.fr\/index.php?rest_route=\/wp\/v2\/users\/2"}],"replies":[{"embeddable":true,"href":"https:\/\/www.combat-complet.fr\/index.php?rest_route=%2Fwp%2Fv2%2Fcomments&post=69"}],"version-history":[{"count":23,"href":"https:\/\/www.combat-complet.fr\/index.php?rest_route=\/wp\/v2\/pages\/69\/revisions"}],"predecessor-version":[{"id":1856,"href":"https:\/\/www.combat-complet.fr\/index.php?rest_route=\/wp\/v2\/pages\/69\/revisions\/1856"}],"wp:attachment":[{"href":"https:\/\/www.combat-complet.fr\/index.php?rest_route=%2Fwp%2Fv2%2Fmedia&parent=69"}],"curies":[{"name":"wp","href":"https:\/\/api.w.org\/{rel}","templated":true}]}}